{"id":186,"date":"2021-12-14T16:21:57","date_gmt":"2021-12-14T16:21:57","guid":{"rendered":"https:\/\/bufoexperience.com\/?page_id=186"},"modified":"2021-12-14T19:56:59","modified_gmt":"2021-12-14T19:56:59","slug":"1-on-1-schedule","status":"publish","type":"page","link":"https:\/\/bufoexperience.com\/es\/1-on-1-schedule\/","title":{"rendered":"1 on 1 Schedule"},"content":{"rendered":"<h2>\n\t\t\tCalendario\n\t\t<\/h2>\n\t\t<ul>\n\t\t\t\t\t<li>\n\t\t\t\t<h4>D\u00eda 1<\/h4>\n\t\t<p><strong>13:00<\/strong>: Llegada y disfrute de las instalaciones de la propiedad<strong>6:00 pm<\/strong>: Recepci\u00f3n + Introducci\u00f3n y Presentaci\u00f3n de los siguientes d\u00edas<strong>6:30 pm<\/strong>: Sincronizaci\u00f3n del alma + Meditaci\u00f3n de lectura del tarot + Establecimiento de intenciones<\/p>\t\t\t\n\t\t\t<\/li>\n\t\t\t\t\t<li>\n\t\t\t\t<h4>Dia 2<\/h4>\n\t\t<p><strong>08 a.m<\/strong>: Ceremonia del Grupo Bufo Alvarius<strong>09 a.m<\/strong>: Integration with Nature and Journaling Prompts &#8211; Free time<strong>10:00 a.m<\/strong>: Desayuno<strong>11:30 pm<\/strong>: Tiempo libre<strong>1:30 de la tarde<\/strong>: Almuerzo<strong>2:30 pm<\/strong>: Activaci\u00f3n de la Geometr\u00eda Sagrada<strong>16:00<\/strong>: Atardecer Tiempo libre<strong>7:00 pm<\/strong>: Cena<\/p>\t\t\t\n\t\t\t<\/li>\n\t\t\t\t\t<li>\n\t\t\t\t<h4>D\u00eda 3<\/h4>\n\t\t<p><strong>7 a.m<\/strong>: Movimiento \/ Yoga<strong>08 a.m<\/strong>: Meditaci\u00f3n en el ba\u00f1o de Lazos de Cristal con Luli<strong>09 a.m<\/strong>: Desayuno<strong>11:00 am &#8211; 2:00 pm<\/strong>: Cacao Ceremony &amp; Closing<\/p>\t\t\t\n\t\t\t<\/li>\n\t\t\t\t<\/ul>","protected":false},"excerpt":{"rendered":"<p>Schedule Day 1 1:00 pm: Arrival and enjoying the facilities of the property6:00 pm: Reception + Introduction and Presentation of the following days6:30 pm: Soul Sync + Tarot Reading Meditation + Setting Intentions Day 2 8:00 am: Bufo Alvarius Group Ceremony9:00 am: Integration with Nature and Journaling Prompts &#8211; Free time10:00 am: Breakfast11:30 pm: Free&hellip;<\/p>","protected":false},"author":1,"featured_media":66,"parent":0,"menu_order":0,"comment_status":"closed","ping_status":"closed","template":"","meta":{"footnotes":""},"yoast_head":"<!-- This site is optimized with the Yoast SEO plugin v22.7 - https:\/\/yoast.com\/wordpress\/plugins\/seo\/ -->\n<title>1 on 1 Schedule - Bufo Alvarius Experience<\/title>\n<meta name=\"robots\" content=\"index, follow, max-snippet:-1, max-image-preview:large, max-video-preview:-1\" \/>\n<link rel=\"canonical\" href=\"https:\/\/bufoexperience.com\/es\/1-on-1-schedule\/\" \/>\n<meta property=\"og:locale\" content=\"es_MX\" \/>\n<meta property=\"og:type\" content=\"article\" \/>\n<meta property=\"og:title\" content=\"1 on 1 Schedule - Bufo Alvarius Experience\" \/>\n<meta property=\"og:description\" content=\"Schedule Day 1 1:00 pm: Arrival and enjoying the facilities of the property6:00 pm: Reception + Introduction and Presentation of the following days6:30 pm: Soul Sync + Tarot Reading Meditation + Setting Intentions Day 2 8:00 am: Bufo Alvarius Group Ceremony9:00 am: Integration with Nature and Journaling Prompts &#8211; Free time10:00 am: Breakfast11:30 pm: Free&hellip;\" \/>\n<meta property=\"og:url\" content=\"https:\/\/bufoexperience.com\/es\/1-on-1-schedule\/\" \/>\n<meta property=\"og:site_name\" content=\"Bufo Alvarius Experience\" \/>\n<meta property=\"article:modified_time\" content=\"2021-12-14T19:56:59+00:00\" \/>\n<meta property=\"og:image\" content=\"https:\/\/bufoexperience.com\/wp-content\/uploads\/2021\/10\/wallpaper_PC_00018.jpeg\" \/>\n\t<meta property=\"og:image:width\" content=\"1920\" \/>\n\t<meta property=\"og:image:height\" content=\"1080\" \/>\n\t<meta property=\"og:image:type\" content=\"image\/jpeg\" \/>\n<meta name=\"twitter:card\" content=\"summary_large_image\" \/>\n<script type=\"application\/ld+json\" class=\"yoast-schema-graph\">{\"@context\":\"https:\/\/schema.org\",\"@graph\":[{\"@type\":\"WebPage\",\"@id\":\"https:\/\/bufoexperience.com\/1-on-1-schedule\/\",\"url\":\"https:\/\/bufoexperience.com\/1-on-1-schedule\/\",\"name\":\"1 on 1 Schedule - Bufo Alvarius Experience\",\"isPartOf\":{\"@id\":\"https:\/\/bufoexperience.com\/#website\"},\"primaryImageOfPage\":{\"@id\":\"https:\/\/bufoexperience.com\/1-on-1-schedule\/#primaryimage\"},\"image\":{\"@id\":\"https:\/\/bufoexperience.com\/1-on-1-schedule\/#primaryimage\"},\"thumbnailUrl\":\"https:\/\/bufoexperience.com\/wp-content\/uploads\/2021\/10\/wallpaper_PC_00018.jpeg\",\"datePublished\":\"2021-12-14T16:21:57+00:00\",\"dateModified\":\"2021-12-14T19:56:59+00:00\",\"breadcrumb\":{\"@id\":\"https:\/\/bufoexperience.com\/1-on-1-schedule\/#breadcrumb\"},\"inLanguage\":\"es\",\"potentialAction\":[{\"@type\":\"ReadAction\",\"target\":[\"https:\/\/bufoexperience.com\/1-on-1-schedule\/\"]}]},{\"@type\":\"ImageObject\",\"inLanguage\":\"es\",\"@id\":\"https:\/\/bufoexperience.com\/1-on-1-schedule\/#primaryimage\",\"url\":\"https:\/\/bufoexperience.com\/wp-content\/uploads\/2021\/10\/wallpaper_PC_00018.jpeg\",\"contentUrl\":\"https:\/\/bufoexperience.com\/wp-content\/uploads\/2021\/10\/wallpaper_PC_00018.jpeg\",\"width\":1920,\"height\":1080},{\"@type\":\"BreadcrumbList\",\"@id\":\"https:\/\/bufoexperience.com\/1-on-1-schedule\/#breadcrumb\",\"itemListElement\":[{\"@type\":\"ListItem\",\"position\":1,\"name\":\"Home\",\"item\":\"https:\/\/bufoexperience.com\/\"},{\"@type\":\"ListItem\",\"position\":2,\"name\":\"1 on 1 Schedule\"}]},{\"@type\":\"WebSite\",\"@id\":\"https:\/\/bufoexperience.com\/#website\",\"url\":\"https:\/\/bufoexperience.com\/\",\"name\":\"Bufo Alvarius Experience\",\"description\":\"Bacalar\",\"potentialAction\":[{\"@type\":\"SearchAction\",\"target\":{\"@type\":\"EntryPoint\",\"urlTemplate\":\"https:\/\/bufoexperience.com\/?s={search_term_string}\"},\"query-input\":\"required name=search_term_string\"}],\"inLanguage\":\"es\"}]}<\/script>\n<!-- \/ Yoast SEO plugin. -->","yoast_head_json":{"title":"1 on 1 Schedule - Bufo Alvarius Experience","robots":{"index":"index","follow":"follow","max-snippet":"max-snippet:-1","max-image-preview":"max-image-preview:large","max-video-preview":"max-video-preview:-1"},"canonical":"https:\/\/bufoexperience.com\/es\/1-on-1-schedule\/","og_locale":"es_MX","og_type":"article","og_title":"1 on 1 Schedule - Bufo Alvarius Experience","og_description":"Schedule Day 1 1:00 pm: Arrival and enjoying the facilities of the property6:00 pm: Reception + Introduction and Presentation of the following days6:30 pm: Soul Sync + Tarot Reading Meditation + Setting Intentions Day 2 8:00 am: Bufo Alvarius Group Ceremony9:00 am: Integration with Nature and Journaling Prompts &#8211; Free time10:00 am: Breakfast11:30 pm: Free&hellip;","og_url":"https:\/\/bufoexperience.com\/es\/1-on-1-schedule\/","og_site_name":"Bufo Alvarius Experience","article_modified_time":"2021-12-14T19:56:59+00:00","og_image":[{"width":1920,"height":1080,"url":"https:\/\/bufoexperience.com\/wp-content\/uploads\/2021\/10\/wallpaper_PC_00018.jpeg","type":"image\/jpeg"}],"twitter_card":"summary_large_image","schema":{"@context":"https:\/\/schema.org","@graph":[{"@type":"WebPage","@id":"https:\/\/bufoexperience.com\/1-on-1-schedule\/","url":"https:\/\/bufoexperience.com\/1-on-1-schedule\/","name":"1 on 1 Schedule - Bufo Alvarius Experience","isPartOf":{"@id":"https:\/\/bufoexperience.com\/#website"},"primaryImageOfPage":{"@id":"https:\/\/bufoexperience.com\/1-on-1-schedule\/#primaryimage"},"image":{"@id":"https:\/\/bufoexperience.com\/1-on-1-schedule\/#primaryimage"},"thumbnailUrl":"https:\/\/bufoexperience.com\/wp-content\/uploads\/2021\/10\/wallpaper_PC_00018.jpeg","datePublished":"2021-12-14T16:21:57+00:00","dateModified":"2021-12-14T19:56:59+00:00","breadcrumb":{"@id":"https:\/\/bufoexperience.com\/1-on-1-schedule\/#breadcrumb"},"inLanguage":"es","potentialAction":[{"@type":"ReadAction","target":["https:\/\/bufoexperience.com\/1-on-1-schedule\/"]}]},{"@type":"ImageObject","inLanguage":"es","@id":"https:\/\/bufoexperience.com\/1-on-1-schedule\/#primaryimage","url":"https:\/\/bufoexperience.com\/wp-content\/uploads\/2021\/10\/wallpaper_PC_00018.jpeg","contentUrl":"https:\/\/bufoexperience.com\/wp-content\/uploads\/2021\/10\/wallpaper_PC_00018.jpeg","width":1920,"height":1080},{"@type":"BreadcrumbList","@id":"https:\/\/bufoexperience.com\/1-on-1-schedule\/#breadcrumb","itemListElement":[{"@type":"ListItem","position":1,"name":"Home","item":"https:\/\/bufoexperience.com\/"},{"@type":"ListItem","position":2,"name":"1 on 1 Schedule"}]},{"@type":"WebSite","@id":"https:\/\/bufoexperience.com\/#website","url":"https:\/\/bufoexperience.com\/","name":"Bufo Alvarius Experience","description":"Bacalar","potentialAction":[{"@type":"SearchAction","target":{"@type":"EntryPoint","urlTemplate":"https:\/\/bufoexperience.com\/?s={search_term_string}"},"query-input":"required name=search_term_string"}],"inLanguage":"es"}]}},"jetpack_sharing_enabled":true,"_links":{"self":[{"href":"https:\/\/bufoexperience.com\/es\/wp-json\/wp\/v2\/pages\/186"}],"collection":[{"href":"https:\/\/bufoexperience.com\/es\/wp-json\/wp\/v2\/pages"}],"about":[{"href":"https:\/\/bufoexperience.com\/es\/wp-json\/wp\/v2\/types\/page"}],"author":[{"embeddable":true,"href":"https:\/\/bufoexperience.com\/es\/wp-json\/wp\/v2\/users\/1"}],"replies":[{"embeddable":true,"href":"https:\/\/bufoexperience.com\/es\/wp-json\/wp\/v2\/comments?post=186"}],"version-history":[{"count":3,"href":"https:\/\/bufoexperience.com\/es\/wp-json\/wp\/v2\/pages\/186\/revisions"}],"predecessor-version":[{"id":189,"href":"https:\/\/bufoexperience.com\/es\/wp-json\/wp\/v2\/pages\/186\/revisions\/189"}],"wp:featuredmedia":[{"embeddable":true,"href":"https:\/\/bufoexperience.com\/es\/wp-json\/wp\/v2\/media\/66"}],"wp:attachment":[{"href":"https:\/\/bufoexperience.com\/es\/wp-json\/wp\/v2\/media?parent=186"}],"curies":[{"name":"wp","href":"https:\/\/api.w.org\/{rel}","templated":true}]}}