{"id":3589,"date":"2024-05-31T19:39:56","date_gmt":"2024-05-31T19:39:56","guid":{"rendered":"https:\/\/bufoexperience.com\/?page_id=3589"},"modified":"2024-05-31T19:39:56","modified_gmt":"2024-05-31T19:39:56","slug":"footer","status":"publish","type":"page","link":"https:\/\/bufoexperience.com\/es\/footer\/","title":{"rendered":"Footer"},"content":{"rendered":"<a href=\"https:\/\/bufoexperience.com\/es\/\">Hogar<\/a> | <a href=\"https:\/\/bufoexperience.com\/es\/self-mastery-camping-retreat\/\">Retiro de autodominio<\/a> | <a href=\"https:\/\/bufoexperience.com\/wp-content\/uploads\/2024\/05\/BUFO-ALVARIUS-Simple-Guide.pdf\" target=\"_blank\" rel=\"noopener\">Gu\u00eda sencilla (ingl\u00e9s)<\/a>\n<hr \/>\n<p>Usamos obras de arte de <a href=\"http:\/\/www.bufoalvarius.com\" target=\"_blank\" rel=\"noopener\">www.bufoalvarius.com<\/a>. No estamos relacionados con Asaya Productions de ninguna manera. Para obtener m\u00e1s informaci\u00f3n t\u00e9cnica sobre Bufo Alvarius y la investigaci\u00f3n de 5-MeO-DMT, visite su sitio web.<\/p>","protected":false},"excerpt":{"rendered":"<p>Home | Self-Mastery Retreat | Simple Guide (English) We use artwork from www.bufoalvarius.com. We are not related to Asaya Productions in any way. For more technical information about Bufo Alvarius and 5-MeO-DMT research visit their website.<\/p>","protected":false},"author":1,"featured_media":0,"parent":0,"menu_order":0,"comment_status":"closed","ping_status":"closed","template":"","meta":{"footnotes":""},"yoast_head":"<!-- This site is optimized with the Yoast SEO plugin v22.7 - https:\/\/yoast.com\/wordpress\/plugins\/seo\/ -->\n<title>Footer - Bufo Alvarius Experience<\/title>\n<meta name=\"robots\" content=\"index, follow, max-snippet:-1, max-image-preview:large, max-video-preview:-1\" \/>\n<link rel=\"canonical\" href=\"https:\/\/bufoexperience.com\/es\/footer\/\" \/>\n<meta property=\"og:locale\" content=\"es_MX\" \/>\n<meta property=\"og:type\" content=\"article\" \/>\n<meta property=\"og:title\" content=\"Footer - Bufo Alvarius Experience\" \/>\n<meta property=\"og:description\" content=\"Home | Self-Mastery Retreat | Simple Guide (English) We use artwork from www.bufoalvarius.com. We are not related to Asaya Productions in any way. For more technical information about Bufo Alvarius and 5-MeO-DMT research visit their website.\" \/>\n<meta property=\"og:url\" content=\"https:\/\/bufoexperience.com\/es\/footer\/\" \/>\n<meta property=\"og:site_name\" content=\"Bufo Alvarius Experience\" \/>\n<meta name=\"twitter:card\" content=\"summary_large_image\" \/>\n<script type=\"application\/ld+json\" class=\"yoast-schema-graph\">{\"@context\":\"https:\/\/schema.org\",\"@graph\":[{\"@type\":\"WebPage\",\"@id\":\"https:\/\/bufoexperience.com\/footer\/\",\"url\":\"https:\/\/bufoexperience.com\/footer\/\",\"name\":\"Footer - Bufo Alvarius Experience\",\"isPartOf\":{\"@id\":\"https:\/\/bufoexperience.com\/#website\"},\"datePublished\":\"2024-05-31T19:39:56+00:00\",\"dateModified\":\"2024-05-31T19:39:56+00:00\",\"breadcrumb\":{\"@id\":\"https:\/\/bufoexperience.com\/footer\/#breadcrumb\"},\"inLanguage\":\"es\",\"potentialAction\":[{\"@type\":\"ReadAction\",\"target\":[\"https:\/\/bufoexperience.com\/footer\/\"]}]},{\"@type\":\"BreadcrumbList\",\"@id\":\"https:\/\/bufoexperience.com\/footer\/#breadcrumb\",\"itemListElement\":[{\"@type\":\"ListItem\",\"position\":1,\"name\":\"Home\",\"item\":\"https:\/\/bufoexperience.com\/\"},{\"@type\":\"ListItem\",\"position\":2,\"name\":\"Footer\"}]},{\"@type\":\"WebSite\",\"@id\":\"https:\/\/bufoexperience.com\/#website\",\"url\":\"https:\/\/bufoexperience.com\/\",\"name\":\"Bufo Alvarius Experience\",\"description\":\"Bacalar\",\"potentialAction\":[{\"@type\":\"SearchAction\",\"target\":{\"@type\":\"EntryPoint\",\"urlTemplate\":\"https:\/\/bufoexperience.com\/?s={search_term_string}\"},\"query-input\":\"required name=search_term_string\"}],\"inLanguage\":\"es\"}]}<\/script>\n<!-- \/ Yoast SEO plugin. -->","yoast_head_json":{"title":"Footer - Bufo Alvarius Experience","robots":{"index":"index","follow":"follow","max-snippet":"max-snippet:-1","max-image-preview":"max-image-preview:large","max-video-preview":"max-video-preview:-1"},"canonical":"https:\/\/bufoexperience.com\/es\/footer\/","og_locale":"es_MX","og_type":"article","og_title":"Footer - Bufo Alvarius Experience","og_description":"Home | Self-Mastery Retreat | Simple Guide (English) We use artwork from www.bufoalvarius.com. We are not related to Asaya Productions in any way. For more technical information about Bufo Alvarius and 5-MeO-DMT research visit their website.","og_url":"https:\/\/bufoexperience.com\/es\/footer\/","og_site_name":"Bufo Alvarius Experience","twitter_card":"summary_large_image","schema":{"@context":"https:\/\/schema.org","@graph":[{"@type":"WebPage","@id":"https:\/\/bufoexperience.com\/footer\/","url":"https:\/\/bufoexperience.com\/footer\/","name":"Footer - Bufo Alvarius Experience","isPartOf":{"@id":"https:\/\/bufoexperience.com\/#website"},"datePublished":"2024-05-31T19:39:56+00:00","dateModified":"2024-05-31T19:39:56+00:00","breadcrumb":{"@id":"https:\/\/bufoexperience.com\/footer\/#breadcrumb"},"inLanguage":"es","potentialAction":[{"@type":"ReadAction","target":["https:\/\/bufoexperience.com\/footer\/"]}]},{"@type":"BreadcrumbList","@id":"https:\/\/bufoexperience.com\/footer\/#breadcrumb","itemListElement":[{"@type":"ListItem","position":1,"name":"Home","item":"https:\/\/bufoexperience.com\/"},{"@type":"ListItem","position":2,"name":"Footer"}]},{"@type":"WebSite","@id":"https:\/\/bufoexperience.com\/#website","url":"https:\/\/bufoexperience.com\/","name":"Bufo Alvarius Experience","description":"Bacalar","potentialAction":[{"@type":"SearchAction","target":{"@type":"EntryPoint","urlTemplate":"https:\/\/bufoexperience.com\/?s={search_term_string}"},"query-input":"required name=search_term_string"}],"inLanguage":"es"}]}},"jetpack_sharing_enabled":true,"_links":{"self":[{"href":"https:\/\/bufoexperience.com\/es\/wp-json\/wp\/v2\/pages\/3589"}],"collection":[{"href":"https:\/\/bufoexperience.com\/es\/wp-json\/wp\/v2\/pages"}],"about":[{"href":"https:\/\/bufoexperience.com\/es\/wp-json\/wp\/v2\/types\/page"}],"author":[{"embeddable":true,"href":"https:\/\/bufoexperience.com\/es\/wp-json\/wp\/v2\/users\/1"}],"replies":[{"embeddable":true,"href":"https:\/\/bufoexperience.com\/es\/wp-json\/wp\/v2\/comments?post=3589"}],"version-history":[{"count":2,"href":"https:\/\/bufoexperience.com\/es\/wp-json\/wp\/v2\/pages\/3589\/revisions"}],"predecessor-version":[{"id":3591,"href":"https:\/\/bufoexperience.com\/es\/wp-json\/wp\/v2\/pages\/3589\/revisions\/3591"}],"wp:attachment":[{"href":"https:\/\/bufoexperience.com\/es\/wp-json\/wp\/v2\/media?parent=3589"}],"curies":[{"name":"wp","href":"https:\/\/api.w.org\/{rel}","templated":true}]}}