{"id":3453,"date":"2024-05-23T01:57:05","date_gmt":"2024-05-23T01:57:05","guid":{"rendered":"https:\/\/bufoexperience.com\/?post_type=product&#038;p=3453"},"modified":"2024-05-23T23:18:39","modified_gmt":"2024-05-23T23:18:39","slug":"self-mastery-camping-retreat-bacalar","status":"publish","type":"product","link":"https:\/\/bufoexperience.com\/es\/producto\/self-mastery-camping-retreat-bacalar\/","title":{"rendered":"Retiro de Campamento de Autodominio \u2013 Bacalar M\u00e9xico"},"content":{"rendered":"<p>Sum\u00e9rgete en el transformador retiro de campamento de autodominio en la hermosa laguna de Bacalar. Este retiro de 5 d\u00edas ofrece una combinaci\u00f3n \u00fanica de pr\u00e1cticas antiguas, introspecci\u00f3n guiada y rituales de limpieza dise\u00f1ados para mejorar la autoconciencia, el dominio emocional y la conexi\u00f3n con la naturaleza. Experimente ceremonias poderosas como Cacao, Sound Healing y Bufo Alvarius, junto con actividades diarias como contemplar el sol, Nahua Yoga, Beat Healing y respiraci\u00f3n. Disfrute de alimentaci\u00f3n org\u00e1nica y el apoyo de una comunidad de ideas afines. Asegure su lugar para un viaje de profundo crecimiento y rejuvenecimiento personal.<\/p>","protected":false},"excerpt":{"rendered":"<div class=\"flex flex-grow flex-col max-w-full\">\n<div class=\"min-h-[20px] text-message flex flex-col items-start whitespace-pre-wrap break-words [.text-message+&amp;]:mt-5 juice:w-full juice:items-end overflow-x-auto gap-2\" dir=\"auto\" data-message-author-role=\"assistant\" data-message-id=\"606398aa-cc19-4064-aab0-fd916bb430eb\">\n<div class=\"flex w-full flex-col gap-1 juice:empty:hidden juice:first:pt-[3px]\">\n<div class=\"markdown prose w-full break-words dark:prose-invert dark\">\n<div class=\"flex flex-grow flex-col max-w-full\">\n<div class=\"min-h-[20px] text-message flex flex-col items-start whitespace-pre-wrap break-words [.text-message+&amp;]:mt-5 juice:w-full juice:items-end overflow-x-auto gap-2\" dir=\"auto\" data-message-author-role=\"assistant\" data-message-id=\"606398aa-cc19-4064-aab0-fd916bb430eb\">\n<div class=\"flex w-full flex-col gap-1 juice:empty:hidden juice:first:pt-[3px]\">\n<div class=\"markdown prose w-full break-words dark:prose-invert dark\">\n<p>Est\u00e1s a punto de emprender un viaje maravilloso en el lugar ideal para ello. Realmente me siento emocionado por el tiempo que estamos a punto de compartir, como humanos y seres interconectados. Conf\u00edo en que cada persona que viene tenga un gran prop\u00f3sito que cumplir en la vida. Creo en ti y ya me siento agradecido de que conf\u00edes en m\u00ed.<\/p>\n<p>-Hunab Amaya.<\/p>\n<hr \/>\n<blockquote>\n<h3><strong><span style=\"text-decoration: underline;\">Esta opci\u00f3n es para CAMPING durante 4 noches.<\/span>.<br \/><\/strong><span style=\"color: #993366;\"><a style=\"color: #993366;\" href=\"https:\/\/bufoexperience.com\/es\/producto\/self-mastery-camping-retreat-hut-option-bacalar-mexico\/\"><span style=\"text-decoration: underline;\"><strong>***SI PREFIERE ALQUILAR UNA CABA\u00d1A EN EL RETIRO, HAGA CLIC AQU\u00cd. ***<\/strong><\/span><\/a><\/span><\/h3>\n<\/blockquote>\n<p><strong>\u26fa\ufe0f Recuerda: En caso de que necesites una carpa, podemos conseguirte una por $50 USD adicionales pagados en efectivo cuando comience el retiro. \ud83d\ude09\u00a0<\/strong><\/p>\n<h3><strong>*Por favor completa el pago y el registro eligiendo lo que mejor se adapte a ti a continuaci\u00f3n*.<\/strong><\/h3>\n<\/div>\n<\/div>\n<\/div>\n<\/div>\n<\/div>\n<\/div>\n<\/div>\n<\/div>","protected":false},"featured_media":3425,"template":"","meta":[],"product_cat":[22],"product_tag":[],"yoast_head":"<!-- This site is optimized with the Yoast SEO plugin v22.7 - https:\/\/yoast.com\/wordpress\/plugins\/seo\/ -->\n<title>Self-Mastery Camping Retreat - Bacalar Mexico - Bufo Alvarius Experience<\/title>\n<meta name=\"description\" content=\"Self-Mastery Camping Retreat in Bacalar for self-discovery and healing. Experience powerful healing tools, and unique astonishing nature.\" \/>\n<meta name=\"robots\" content=\"index, follow, max-snippet:-1, max-image-preview:large, max-video-preview:-1\" \/>\n<link rel=\"canonical\" href=\"https:\/\/bufoexperience.com\/es\/producto\/self-mastery-camping-retreat-bacalar\/\" \/>\n<meta property=\"og:locale\" content=\"es_MX\" \/>\n<meta property=\"og:type\" content=\"article\" \/>\n<meta property=\"og:title\" content=\"Self-Mastery Camping Retreat - Bacalar Mexico - Bufo Alvarius Experience\" \/>\n<meta property=\"og:description\" content=\"Self-Mastery Camping Retreat in Bacalar for self-discovery and healing. Experience powerful healing tools, and unique astonishing nature.\" \/>\n<meta property=\"og:url\" content=\"https:\/\/bufoexperience.com\/es\/producto\/self-mastery-camping-retreat-bacalar\/\" \/>\n<meta property=\"og:site_name\" content=\"Bufo Alvarius Experience\" \/>\n<meta property=\"article:modified_time\" content=\"2024-05-23T23:18:39+00:00\" \/>\n<meta property=\"og:image\" content=\"https:\/\/bufoexperience.com\/wp-content\/uploads\/2024\/05\/greenmayanstar_Cinematic_close-up_hawks_feather_stuck_in_the_gr_19d03a6f-e29a-40fb-a509-e10a6e6e7573.jpg\" \/>\n\t<meta property=\"og:image:width\" content=\"1306\" \/>\n\t<meta property=\"og:image:height\" content=\"2330\" \/>\n\t<meta property=\"og:image:type\" content=\"image\/jpeg\" \/>\n<meta name=\"twitter:card\" content=\"summary_large_image\" \/>\n<meta name=\"twitter:label1\" content=\"Tiempo de lectura\" \/>\n\t<meta name=\"twitter:data1\" content=\"1 minuto\" \/>\n<script type=\"application\/ld+json\" class=\"yoast-schema-graph\">{\"@context\":\"https:\/\/schema.org\",\"@graph\":[{\"@type\":\"WebPage\",\"@id\":\"https:\/\/bufoexperience.com\/product\/self-mastery-camping-retreat-bacalar\/\",\"url\":\"https:\/\/bufoexperience.com\/product\/self-mastery-camping-retreat-bacalar\/\",\"name\":\"Self-Mastery Camping Retreat - Bacalar Mexico - Bufo Alvarius Experience\",\"isPartOf\":{\"@id\":\"https:\/\/bufoexperience.com\/#website\"},\"primaryImageOfPage\":{\"@id\":\"https:\/\/bufoexperience.com\/product\/self-mastery-camping-retreat-bacalar\/#primaryimage\"},\"image\":{\"@id\":\"https:\/\/bufoexperience.com\/product\/self-mastery-camping-retreat-bacalar\/#primaryimage\"},\"thumbnailUrl\":\"https:\/\/bufoexperience.com\/wp-content\/uploads\/2024\/05\/greenmayanstar_Cinematic_close-up_hawks_feather_stuck_in_the_gr_19d03a6f-e29a-40fb-a509-e10a6e6e7573.jpg\",\"datePublished\":\"2024-05-23T01:57:05+00:00\",\"dateModified\":\"2024-05-23T23:18:39+00:00\",\"description\":\"Self-Mastery Camping Retreat in Bacalar for self-discovery and healing. Experience powerful healing tools, and unique astonishing nature.\",\"breadcrumb\":{\"@id\":\"https:\/\/bufoexperience.com\/product\/self-mastery-camping-retreat-bacalar\/#breadcrumb\"},\"inLanguage\":\"es\",\"potentialAction\":[{\"@type\":\"ReadAction\",\"target\":[\"https:\/\/bufoexperience.com\/product\/self-mastery-camping-retreat-bacalar\/\"]}]},{\"@type\":\"ImageObject\",\"inLanguage\":\"es\",\"@id\":\"https:\/\/bufoexperience.com\/product\/self-mastery-camping-retreat-bacalar\/#primaryimage\",\"url\":\"https:\/\/bufoexperience.com\/wp-content\/uploads\/2024\/05\/greenmayanstar_Cinematic_close-up_hawks_feather_stuck_in_the_gr_19d03a6f-e29a-40fb-a509-e10a6e6e7573.jpg\",\"contentUrl\":\"https:\/\/bufoexperience.com\/wp-content\/uploads\/2024\/05\/greenmayanstar_Cinematic_close-up_hawks_feather_stuck_in_the_gr_19d03a6f-e29a-40fb-a509-e10a6e6e7573.jpg\",\"width\":1306,\"height\":2330},{\"@type\":\"BreadcrumbList\",\"@id\":\"https:\/\/bufoexperience.com\/product\/self-mastery-camping-retreat-bacalar\/#breadcrumb\",\"itemListElement\":[{\"@type\":\"ListItem\",\"position\":1,\"name\":\"Home\",\"item\":\"https:\/\/bufoexperience.com\/\"},{\"@type\":\"ListItem\",\"position\":2,\"name\":\"Shop\",\"item\":\"https:\/\/bufoexperience.com\/shop\/\"},{\"@type\":\"ListItem\",\"position\":3,\"name\":\"Self-Mastery Camping Retreat &#8211; Bacalar Mexico\"}]},{\"@type\":\"WebSite\",\"@id\":\"https:\/\/bufoexperience.com\/#website\",\"url\":\"https:\/\/bufoexperience.com\/\",\"name\":\"Bufo Alvarius Experience\",\"description\":\"Bacalar\",\"potentialAction\":[{\"@type\":\"SearchAction\",\"target\":{\"@type\":\"EntryPoint\",\"urlTemplate\":\"https:\/\/bufoexperience.com\/?s={search_term_string}\"},\"query-input\":\"required name=search_term_string\"}],\"inLanguage\":\"es\"}]}<\/script>\n<!-- \/ Yoast SEO plugin. -->","yoast_head_json":{"title":"Self-Mastery Camping Retreat - Bacalar Mexico - Bufo Alvarius Experience","description":"Self-Mastery Camping Retreat in Bacalar for self-discovery and healing. Experience powerful healing tools, and unique astonishing nature.","robots":{"index":"index","follow":"follow","max-snippet":"max-snippet:-1","max-image-preview":"max-image-preview:large","max-video-preview":"max-video-preview:-1"},"canonical":"https:\/\/bufoexperience.com\/es\/producto\/self-mastery-camping-retreat-bacalar\/","og_locale":"es_MX","og_type":"article","og_title":"Self-Mastery Camping Retreat - Bacalar Mexico - Bufo Alvarius Experience","og_description":"Self-Mastery Camping Retreat in Bacalar for self-discovery and healing. Experience powerful healing tools, and unique astonishing nature.","og_url":"https:\/\/bufoexperience.com\/es\/producto\/self-mastery-camping-retreat-bacalar\/","og_site_name":"Bufo Alvarius Experience","article_modified_time":"2024-05-23T23:18:39+00:00","og_image":[{"width":1306,"height":2330,"url":"https:\/\/bufoexperience.com\/wp-content\/uploads\/2024\/05\/greenmayanstar_Cinematic_close-up_hawks_feather_stuck_in_the_gr_19d03a6f-e29a-40fb-a509-e10a6e6e7573.jpg","type":"image\/jpeg"}],"twitter_card":"summary_large_image","twitter_misc":{"Tiempo de lectura":"1 minuto"},"schema":{"@context":"https:\/\/schema.org","@graph":[{"@type":"WebPage","@id":"https:\/\/bufoexperience.com\/product\/self-mastery-camping-retreat-bacalar\/","url":"https:\/\/bufoexperience.com\/product\/self-mastery-camping-retreat-bacalar\/","name":"Self-Mastery Camping Retreat - Bacalar Mexico - Bufo Alvarius Experience","isPartOf":{"@id":"https:\/\/bufoexperience.com\/#website"},"primaryImageOfPage":{"@id":"https:\/\/bufoexperience.com\/product\/self-mastery-camping-retreat-bacalar\/#primaryimage"},"image":{"@id":"https:\/\/bufoexperience.com\/product\/self-mastery-camping-retreat-bacalar\/#primaryimage"},"thumbnailUrl":"https:\/\/bufoexperience.com\/wp-content\/uploads\/2024\/05\/greenmayanstar_Cinematic_close-up_hawks_feather_stuck_in_the_gr_19d03a6f-e29a-40fb-a509-e10a6e6e7573.jpg","datePublished":"2024-05-23T01:57:05+00:00","dateModified":"2024-05-23T23:18:39+00:00","description":"Self-Mastery Camping Retreat in Bacalar for self-discovery and healing. Experience powerful healing tools, and unique astonishing nature.","breadcrumb":{"@id":"https:\/\/bufoexperience.com\/product\/self-mastery-camping-retreat-bacalar\/#breadcrumb"},"inLanguage":"es","potentialAction":[{"@type":"ReadAction","target":["https:\/\/bufoexperience.com\/product\/self-mastery-camping-retreat-bacalar\/"]}]},{"@type":"ImageObject","inLanguage":"es","@id":"https:\/\/bufoexperience.com\/product\/self-mastery-camping-retreat-bacalar\/#primaryimage","url":"https:\/\/bufoexperience.com\/wp-content\/uploads\/2024\/05\/greenmayanstar_Cinematic_close-up_hawks_feather_stuck_in_the_gr_19d03a6f-e29a-40fb-a509-e10a6e6e7573.jpg","contentUrl":"https:\/\/bufoexperience.com\/wp-content\/uploads\/2024\/05\/greenmayanstar_Cinematic_close-up_hawks_feather_stuck_in_the_gr_19d03a6f-e29a-40fb-a509-e10a6e6e7573.jpg","width":1306,"height":2330},{"@type":"BreadcrumbList","@id":"https:\/\/bufoexperience.com\/product\/self-mastery-camping-retreat-bacalar\/#breadcrumb","itemListElement":[{"@type":"ListItem","position":1,"name":"Home","item":"https:\/\/bufoexperience.com\/"},{"@type":"ListItem","position":2,"name":"Shop","item":"https:\/\/bufoexperience.com\/shop\/"},{"@type":"ListItem","position":3,"name":"Self-Mastery Camping Retreat &#8211; Bacalar Mexico"}]},{"@type":"WebSite","@id":"https:\/\/bufoexperience.com\/#website","url":"https:\/\/bufoexperience.com\/","name":"Bufo Alvarius Experience","description":"Bacalar","potentialAction":[{"@type":"SearchAction","target":{"@type":"EntryPoint","urlTemplate":"https:\/\/bufoexperience.com\/?s={search_term_string}"},"query-input":"required name=search_term_string"}],"inLanguage":"es"}]}},"jetpack_sharing_enabled":true,"_links":{"self":[{"href":"https:\/\/bufoexperience.com\/es\/wp-json\/wp\/v2\/product\/3453"}],"collection":[{"href":"https:\/\/bufoexperience.com\/es\/wp-json\/wp\/v2\/product"}],"about":[{"href":"https:\/\/bufoexperience.com\/es\/wp-json\/wp\/v2\/types\/product"}],"wp:featuredmedia":[{"embeddable":true,"href":"https:\/\/bufoexperience.com\/es\/wp-json\/wp\/v2\/media\/3425"}],"wp:attachment":[{"href":"https:\/\/bufoexperience.com\/es\/wp-json\/wp\/v2\/media?parent=3453"}],"wp:term":[{"taxonomy":"product_cat","embeddable":true,"href":"https:\/\/bufoexperience.com\/es\/wp-json\/wp\/v2\/product_cat?post=3453"},{"taxonomy":"product_tag","embeddable":true,"href":"https:\/\/bufoexperience.com\/es\/wp-json\/wp\/v2\/product_tag?post=3453"}],"curies":[{"name":"wp","href":"https:\/\/api.w.org\/{rel}","templated":true}]}}